{"id":23,"date":"2020-10-04T13:05:12","date_gmt":"2020-10-04T13:05:12","guid":{"rendered":"http:\/\/cdu-wathlingen.de\/?page_id=23"},"modified":"2020-10-04T13:05:12","modified_gmt":"2020-10-04T13:05:12","slug":"wathlingen-ist-gut-aufgestellt","status":"publish","type":"page","link":"http:\/\/cdu-wathlingen.de\/?page_id=23","title":{"rendered":"Wathlingen ist gut aufgestellt!"},"content":{"rendered":"\n<p>Wir haben \u2026.<\/p>\n\n\n\n<ul class=\"wp-block-list\"><li>die \u00e4rztliche Versorgung sichergestellt<\/li><li>den Halbstundentakt von und nach Celle erreicht.<\/li><li>die Basis f\u00fcr Seniorenwohnungen geschaffen.<\/li><li>die Naturkontaktstation unterst\u00fctzt.<\/li><li>das Hubrettungsfahrzeug f\u00fcr unsere Ortsfeuerwehr erreicht.<\/li><li>die Tore im Ger\u00e4tehaus der Feuerwehr gewechselt.<\/li><li>die Polizeistation ausgebaut.<\/li><li>die Oberschule in Wathlingen durch Investitionen langfristig gesichert.<\/li><li>den 4 Generationen Park zum Veranstaltungszentrum entwickelt.<\/li><\/ul>\n","protected":false},"excerpt":{"rendered":"<p>Wir haben \u2026. die \u00e4rztliche Versorgung sichergestellt den Halbstundentakt von und nach Celle erreicht. die Basis f\u00fcr Seniorenwohnungen geschaffen. die Naturkontaktstation unterst\u00fctzt. das Hubrettungsfahrzeug f\u00fcr unsere Ortsfeuerwehr erreicht. die Tore im Ger\u00e4tehaus der Feuerwehr gewechselt. die Polizeistation ausgebaut. die Oberschule in Wathlingen durch Investitionen langfristig gesichert. den 4 Generationen Park zum Veranstaltungszentrum entwickelt.<\/p>\n","protected":false},"author":1,"featured_media":0,"parent":0,"menu_order":0,"comment_status":"closed","ping_status":"closed","template":"","meta":{"footnotes":""},"class_list":["post-23","page","type-page","status-publish","hentry"],"_links":{"self":[{"href":"http:\/\/cdu-wathlingen.de\/index.php?rest_route=\/wp\/v2\/pages\/23","targetHints":{"allow":["GET"]}}],"collection":[{"href":"http:\/\/cdu-wathlingen.de\/index.php?rest_route=\/wp\/v2\/pages"}],"about":[{"href":"http:\/\/cdu-wathlingen.de\/index.php?rest_route=\/wp\/v2\/types\/page"}],"author":[{"embeddable":true,"href":"http:\/\/cdu-wathlingen.de\/index.php?rest_route=\/wp\/v2\/users\/1"}],"replies":[{"embeddable":true,"href":"http:\/\/cdu-wathlingen.de\/index.php?rest_route=%2Fwp%2Fv2%2Fcomments&post=23"}],"version-history":[{"count":1,"href":"http:\/\/cdu-wathlingen.de\/index.php?rest_route=\/wp\/v2\/pages\/23\/revisions"}],"predecessor-version":[{"id":24,"href":"http:\/\/cdu-wathlingen.de\/index.php?rest_route=\/wp\/v2\/pages\/23\/revisions\/24"}],"wp:attachment":[{"href":"http:\/\/cdu-wathlingen.de\/index.php?rest_route=%2Fwp%2Fv2%2Fmedia&parent=23"}],"curies":[{"name":"wp","href":"https:\/\/api.w.org\/{rel}","templated":true}]}}